{"id":2982,"date":"2022-12-05T16:12:50","date_gmt":"2022-12-05T15:12:50","guid":{"rendered":"https:\/\/www.cellfinanzas.com\/legal-notice\/"},"modified":"2022-12-05T16:12:50","modified_gmt":"2022-12-05T15:12:50","slug":"legal-notice","status":"publish","type":"page","link":"https:\/\/www.cellfinanzas.com\/en\/legal-notice\/","title":{"rendered":"Legal notice"},"content":{"rendered":"\t\t<div data-elementor-type=\"wp-page\" data-elementor-id=\"2982\" class=\"elementor elementor-2982 elementor-419\" data-elementor-post-type=\"page\">\n\t\t\t\t\t\t<section class=\"elementor-section elementor-top-section elementor-element elementor-element-e5fdfe3 elementor-section-height-min-height elementor-section-items-bottom elementor-section-boxed elementor-section-height-default\" data-id=\"e5fdfe3\" data-element_type=\"section\" data-e-type=\"section\" data-settings=\"{&quot;background_background&quot;:&quot;classic&quot;}\">\n\t\t\t\t\t\t\t<div class=\"elementor-background-overlay\"><\/div>\n\t\t\t\t\t\t\t<div class=\"elementor-container elementor-column-gap-default\">\n\t\t\t\t\t<div class=\"elementor-column elementor-col-100 elementor-top-column elementor-element elementor-element-4c15329\" data-id=\"4c15329\" data-element_type=\"column\" data-e-type=\"column\">\n\t\t\t<div class=\"elementor-widget-wrap elementor-element-populated\">\n\t\t\t\t\t\t\t<\/div>\n\t\t<\/div>\n\t\t\t\t\t<\/div>\n\t\t<\/section>\n\t\t\t\t<section class=\"elementor-section elementor-top-section elementor-element elementor-element-8857792 elementor-section-boxed elementor-section-height-default elementor-section-height-default\" data-id=\"8857792\" data-element_type=\"section\" data-e-type=\"section\">\n\t\t\t\t\t\t<div class=\"elementor-container elementor-column-gap-default\">\n\t\t\t\t\t<div class=\"elementor-column elementor-col-100 elementor-top-column elementor-element elementor-element-83efb7b\" data-id=\"83efb7b\" data-element_type=\"column\" data-e-type=\"column\">\n\t\t\t<div class=\"elementor-widget-wrap elementor-element-populated\">\n\t\t\t\t\t\t<div class=\"elementor-element elementor-element-b02f5a8 elementor-widget elementor-widget-text-editor\" data-id=\"b02f5a8\" data-element_type=\"widget\" data-e-type=\"widget\" data-widget_type=\"text-editor.default\">\n\t\t\t\t<div class=\"elementor-widget-container\">\n\t\t\t\t\t\t\t\t\t<p>Est\u00e1s en un espacio comprometido con los derechos de sus usuarios y por esta raz\u00f3n, tendr\u00e1s m\u00e1xima transparencia y rigor sobre todo que necesitas saber sobre esta web.<\/p>\n<p>Esta web cumple rigurosamente con la Ley Org\u00e1nica 3\/2018, de 5 de diciembre, de Protecci\u00f3n de Datos Personales y garant\u00eda de los derechos digitales (LOPDGDD). Cumple tambi\u00e9n con el Reglamento (UE) 2016\/679 del Parlamento Europeo y del Consejo de 27 de abril de 2016 relativo a la protecci\u00f3n de las personas f\u00edsicas (RGPD), as\u00ed como con la Ley 34\/2002, de 11 de julio, de Servicios de la Sociedad de la Informaci\u00f3n y Comercio Electr\u00f3nico (LSSICE o LSSI).<\/p>\n<p>Los servicios y\/o productos est\u00e1n disponibles s\u00f3lo para las personas jur\u00eddicas y las personas que tengan 16 a\u00f1os.<\/p>\n\t\t\t\t\t\t\t\t<\/div>\n\t\t\t\t<\/div>\n\t\t\t\t<div class=\"elementor-element elementor-element-318b336 elementor-widget elementor-widget-heading\" data-id=\"318b336\" data-element_type=\"widget\" data-e-type=\"widget\" data-widget_type=\"heading.default\">\n\t\t\t\t<div class=\"elementor-widget-container\">\n\t\t\t\t\t<h2 class=\"elementor-heading-title elementor-size-default\">Identificador del responsable de la web<\/h2>\t\t\t\t<\/div>\n\t\t\t\t<\/div>\n\t\t\t\t<div class=\"elementor-element elementor-element-78e9867 elementor-widget elementor-widget-text-editor\" data-id=\"78e9867\" data-element_type=\"widget\" data-e-type=\"widget\" data-widget_type=\"text-editor.default\">\n\t\t\t\t<div class=\"elementor-widget-container\">\n\t\t\t\t\t\t\t\t\t<ul>\r\n<li><strong>Denominaci\u00f3n social: <\/strong>Cell Finanzas, S.L.<\/li>\r\n<li><strong>NIF: <\/strong>B86673092<\/li>\r\n<li><strong>Correo electr\u00f3nico: <\/strong><a href=\"mailto:contacto@cellfinanzas.com\">contacto@cellfinanzas.com<\/a><\/li>\r\n<li><strong>Domicilio social: <\/strong>Avenida de Europa, 12, 28108, Alcobendas, Madrid<\/li>\r\n<li><strong>Su actividad social es:&nbsp;<\/strong>CNAE 7022<\/li>\r\n<li><strong>N.\u00ba de Registro Mercantil de Madrid<\/strong>, en el tomo 30506, folio 201 y hoja M-548995 el 26-02-2013.<\/li>\r\n<\/ul>\t\t\t\t\t\t\t\t<\/div>\n\t\t\t\t<\/div>\n\t\t\t\t<div class=\"elementor-element elementor-element-3d49c83 elementor-widget elementor-widget-heading\" data-id=\"3d49c83\" data-element_type=\"widget\" data-e-type=\"widget\" data-widget_type=\"heading.default\">\n\t\t\t\t<div class=\"elementor-widget-container\">\n\t\t\t\t\t<h2 class=\"elementor-heading-title elementor-size-default\">\u00bfTe preocupan tus datos personales?<\/h2>\t\t\t\t<\/div>\n\t\t\t\t<\/div>\n\t\t\t\t<div class=\"elementor-element elementor-element-a7fe022 elementor-widget elementor-widget-text-editor\" data-id=\"a7fe022\" data-element_type=\"widget\" data-e-type=\"widget\" data-widget_type=\"text-editor.default\">\n\t\t\t\t<div class=\"elementor-widget-container\">\n\t\t\t\t\t\t\t\t\t<p>Lee nuestra <a href=\"https:\/\/www.cellfinanzas.com\/politica-privacidad\/\">Pol\u00edtica de Privacidad<\/a>.<\/p>\n\t\t\t\t\t\t\t\t<\/div>\n\t\t\t\t<\/div>\n\t\t\t\t<div class=\"elementor-element elementor-element-2ebe158 elementor-widget elementor-widget-heading\" data-id=\"2ebe158\" data-element_type=\"widget\" data-e-type=\"widget\" data-widget_type=\"heading.default\">\n\t\t\t\t<div class=\"elementor-widget-container\">\n\t\t\t\t\t<h2 class=\"elementor-heading-title elementor-size-default\">Compromisos y obligaciones de los usuarios<\/h2>\t\t\t\t<\/div>\n\t\t\t\t<\/div>\n\t\t\t\t<div class=\"elementor-element elementor-element-114d458 elementor-widget elementor-widget-text-editor\" data-id=\"114d458\" data-element_type=\"widget\" data-e-type=\"widget\" data-widget_type=\"text-editor.default\">\n\t\t\t\t<div class=\"elementor-widget-container\">\n\t\t\t\t\t\t\t\t\t<p>El usuario queda informado, y acepta, que el acceso a la presente web no supone, en modo alguno, el inicio de una relaci\u00f3n comercial con Cell Finanzas. De esta forma, el usuario se compromete a utilizar el sitio web, sus servicios y contenidos sin contravenir la legislaci\u00f3n vigente, la buena fe y el orden p\u00fablico.<\/p>\n<p>Queda prohibido el uso de la web, con fines il\u00edcitos o lesivos, o que, de cualquier forma, puedan causar perjuicio o impedir el normal funcionamiento del sitio web. Respecto de los contenidos de esta web, se proh\u00edbe:<\/p>\n<ul>\n<li>Su reproducci\u00f3n, distribuci\u00f3n o modificaci\u00f3n, total o parcial, a menos que se cuente con mi autorizaci\u00f3n como leg\u00edtimo titular.<\/li>\n<li>Cualquier vulneraci\u00f3n de los derechos del prestador o de mi como leg\u00edtimo titular.<\/li>\n<li>Su utilizaci\u00f3n para fines comerciales o publicitarios.<\/li>\n<\/ul>\n<p>En la utilizaci\u00f3n de la web www.cellfinanzas.com el usuario se compromete a no llevar a cabo ninguna conducta que pudiera da\u00f1ar la imagen, los intereses y los derechos de Cell Finanzas o de terceros, o que pudiera da\u00f1ar, inutilizar o sobrecargar el portal www.cellfinanzas.com, o que impidiera, de cualquier forma, la normal utilizaci\u00f3n de la web.<\/p>\n<p>No obstante, el usuario debe ser consciente de que las medidas de seguridad de los sistemas inform\u00e1ticos en Internet no son enteramente fiables y que, por tanto, www.cellfinanzas.com no puede garantizar la inexistencia de malware u otros elementos que puedan producir alteraciones en los sistemas inform\u00e1ticos (software y hardware) del usuario o en sus documentos electr\u00f3nicos y ficheros contenidos en los mismos, aunque pongo todos los medios necesarios y las medidas de seguridad oportunas para evitar la presencia de estos elementos da\u00f1inos.<\/p>\n\t\t\t\t\t\t\t\t<\/div>\n\t\t\t\t<\/div>\n\t\t\t\t<div class=\"elementor-element elementor-element-ca50786 elementor-widget elementor-widget-heading\" data-id=\"ca50786\" data-element_type=\"widget\" data-e-type=\"widget\" data-widget_type=\"heading.default\">\n\t\t\t\t<div class=\"elementor-widget-container\">\n\t\t\t\t\t<h2 class=\"elementor-heading-title elementor-size-default\">Medidas de seguridad<\/h2>\t\t\t\t<\/div>\n\t\t\t\t<\/div>\n\t\t\t\t<div class=\"elementor-element elementor-element-4e0722c elementor-widget elementor-widget-text-editor\" data-id=\"4e0722c\" data-element_type=\"widget\" data-e-type=\"widget\" data-widget_type=\"text-editor.default\">\n\t\t\t\t<div class=\"elementor-widget-container\">\n\t\t\t\t\t\t\t\t\t<p>Los datos personales comunicados por el usuario a Cell Finanzas pueden ser almacenados en bases de datos automatizadas o no, cuya titularidad corresponde en exclusiva a Cell Finanzas, S.L. asumiendo \u00e9sta todas las medidas de \u00edndole t\u00e9cnica, organizativa y de seguridad que garantizan la confidencialidad, integridad y calidad de la informaci\u00f3n contenida en las mismas de acuerdo con lo establecido en la normativa vigente en protecci\u00f3n de datos.<\/p>\n<p>La comunicaci\u00f3n entre los usuarios y <a href=\"http:\/\/www.cellfinanzas.com\">www.cellfinanzas.com<\/a> utiliza un canal seguro, y los datos transmitidos son cifrados gracias al protocolo https, por tanto, dispongo las mejores condiciones de seguridad para que la confidencialidad de los usuarios est\u00e9 garantizada.<\/p>\n\t\t\t\t\t\t\t\t<\/div>\n\t\t\t\t<\/div>\n\t\t\t\t<div class=\"elementor-element elementor-element-690e630 elementor-widget elementor-widget-heading\" data-id=\"690e630\" data-element_type=\"widget\" data-e-type=\"widget\" data-widget_type=\"heading.default\">\n\t\t\t\t<div class=\"elementor-widget-container\">\n\t\t\t\t\t<h2 class=\"elementor-heading-title elementor-size-default\">Plataforma de resoluci\u00f3n de conflictos<\/h2>\t\t\t\t<\/div>\n\t\t\t\t<\/div>\n\t\t\t\t<div class=\"elementor-element elementor-element-a564f0a elementor-widget elementor-widget-text-editor\" data-id=\"a564f0a\" data-element_type=\"widget\" data-e-type=\"widget\" data-widget_type=\"text-editor.default\">\n\t\t\t\t<div class=\"elementor-widget-container\">\n\t\t\t\t\t\t\t\t\t<p>Pongo tambi\u00e9n a disposici\u00f3n de los usuarios la plataforma de resoluci\u00f3n de litigios que facilita la Comisi\u00f3n Europea y que se encuentra disponible en el siguiente enlace: <a href=\"http:\/\/ec.europa.eu\/consumers\/odr\/\" target=\"_blank\" rel=\"noopener\">http:\/\/ec.europa.eu\/consumers\/odr\/<\/a><\/p>\n\t\t\t\t\t\t\t\t<\/div>\n\t\t\t\t<\/div>\n\t\t\t\t<div class=\"elementor-element elementor-element-84ffaba elementor-widget elementor-widget-heading\" data-id=\"84ffaba\" data-element_type=\"widget\" data-e-type=\"widget\" data-widget_type=\"heading.default\">\n\t\t\t\t<div class=\"elementor-widget-container\">\n\t\t\t\t\t<h2 class=\"elementor-heading-title elementor-size-default\">Enlaces externos<\/h2>\t\t\t\t<\/div>\n\t\t\t\t<\/div>\n\t\t\t\t<div class=\"elementor-element elementor-element-b726702 elementor-widget elementor-widget-text-editor\" data-id=\"b726702\" data-element_type=\"widget\" data-e-type=\"widget\" data-widget_type=\"text-editor.default\">\n\t\t\t\t<div class=\"elementor-widget-container\">\n\t\t\t\t\t\t\t\t\t<p>Las p\u00e1ginas de la web www.cellfinanzas.com proporcionan enlaces a otros sitios web propios y contenidos que son propiedad de terceros tales como:<\/p>\n<ul>\n<li>ec.europa.eu<\/li>\n<li>www.linkedin.com<\/li>\n<\/ul>\n<p>El \u00fanico objeto de los enlaces es proporcionar al usuario la posibilidad de acceder a dichos enlaces.<\/p>\n<p>Cell Finanzas no se responsabiliza en ning\u00fan caso de los resultados que puedan derivarse al usuario por acceso a dichos enlaces.<\/p>\n<p>Asimismo, el usuario encontrar\u00e1 dentro de este sitio, p\u00e1ginas, promociones, programas de afiliados que acceden a los h\u00e1bitos de navegaci\u00f3n de los usuarios para establecer perfiles. Esta informaci\u00f3n siempre es an\u00f3nima y no se identifica al usuario.<\/p>\n<p>La informaci\u00f3n que se proporcione en estos sitios patrocinados o enlaces de afiliados <strong>est\u00e1 sujeta a las pol\u00edticas de privacidad que se utilicen en dichos sitios<\/strong> y no estar\u00e1 sujeta a nuestra Pol\u00edtica de Privacidad. Por lo que recomiendo ampliamente a los usuarios revisar detalladamente las pol\u00edticas de privacidad de los enlaces de afiliados.<\/p>\n\t\t\t\t\t\t\t\t<\/div>\n\t\t\t\t<\/div>\n\t\t\t\t<div class=\"elementor-element elementor-element-ce8d916 elementor-widget elementor-widget-heading\" data-id=\"ce8d916\" data-element_type=\"widget\" data-e-type=\"widget\" data-widget_type=\"heading.default\">\n\t\t\t\t<div class=\"elementor-widget-container\">\n\t\t\t\t\t<h2 class=\"elementor-heading-title elementor-size-default\">Exclusi\u00f3n de garant\u00edas y responsable<\/h2>\t\t\t\t<\/div>\n\t\t\t\t<\/div>\n\t\t\t\t<div class=\"elementor-element elementor-element-bbb0662 elementor-widget elementor-widget-text-editor\" data-id=\"bbb0662\" data-element_type=\"widget\" data-e-type=\"widget\" data-widget_type=\"text-editor.default\">\n\t\t\t\t<div class=\"elementor-widget-container\">\n\t\t\t\t\t\t\t\t\t<p>Cell Finanzas no otorga ninguna garant\u00eda ni se hace responsable, en ning\u00fan caso, de los da\u00f1os y perjuicios de cualquier naturaleza que pudieran traer causa de:<\/p>\n<ul>\n<li>La falta de disponibilidad, mantenimiento y efectivo funcionamiento de la web, o de sus servicios y contenidos.<\/li>\n<li>La existencia de malware, programas maliciosos o lesivos en los contenidos.<\/li>\n<li>El uso il\u00edcito, negligente, fraudulento o contrario a este Aviso Legal.<\/li>\n<li>La falta de licitud, calidad, fiabilidad, utilidad y disponibilidad de los servicios prestados por terceros y puestos a disposici\u00f3n de los usuarios en el sitio web.<\/li>\n<li>El prestador no se hace responsable bajo ning\u00fan concepto de los da\u00f1os que pudieran dimanar del uso ilegal o indebido de la presente p\u00e1gina web.<\/li>\n<\/ul>\n\t\t\t\t\t\t\t\t<\/div>\n\t\t\t\t<\/div>\n\t\t\t\t<div class=\"elementor-element elementor-element-c5ae80c elementor-widget elementor-widget-heading\" data-id=\"c5ae80c\" data-element_type=\"widget\" data-e-type=\"widget\" data-widget_type=\"heading.default\">\n\t\t\t\t<div class=\"elementor-widget-container\">\n\t\t\t\t\t<h2 class=\"elementor-heading-title elementor-size-default\">Ley aplicable y jurisdicci\u00f3n<\/h2>\t\t\t\t<\/div>\n\t\t\t\t<\/div>\n\t\t\t\t<div class=\"elementor-element elementor-element-fa5cf11 elementor-widget elementor-widget-text-editor\" data-id=\"fa5cf11\" data-element_type=\"widget\" data-e-type=\"widget\" data-widget_type=\"text-editor.default\">\n\t\t\t\t<div class=\"elementor-widget-container\">\n\t\t\t\t\t\t\t\t\t<p>Con car\u00e1cter general las relaciones entre Cell Finanzas y los usuarios de sus servicios telem\u00e1ticos presentes en esta web, se encuentran sometidas a la legislaci\u00f3n y jurisdicci\u00f3n espa\u00f1olas y a los tribunales de Madrid.<\/p>\n<p>En caso de que cualquier usuario tuviese alguna duda acerca de las condiciones de este Aviso Legal o cualquier comentario sobre el portal <a href=\"http:\/\/www.cellfinanzas.com\">www.cellfinanzas.com<\/a>, \u00a0por favor dir\u00edjase a <a href=\"mailto:contacto@cellfinanzas.com\">contacto@cellfinanzas.com<\/a>.<\/p>\n<p>El Aviso Legal ha sido actualizado por \u00faltima vez el 15-11-2022.<\/p>\n\t\t\t\t\t\t\t\t<\/div>\n\t\t\t\t<\/div>\n\t\t\t\t\t<\/div>\n\t\t<\/div>\n\t\t\t\t\t<\/div>\n\t\t<\/section>\n\t\t\t\t<\/div>\n\t\t","protected":false},"excerpt":{"rendered":"<p>Est\u00e1s en un espacio comprometido con los derechos de sus usuarios y por esta raz\u00f3n, tendr\u00e1s m\u00e1xima transparencia y rigor sobre todo que necesitas saber sobre esta web. Esta web cumple rigurosamente con la Ley Org\u00e1nica 3\/2018, de 5 de diciembre, de Protecci\u00f3n de Datos Personales y garant\u00eda de los derechos digitales (LOPDGDD). Cumple tambi\u00e9n &#8230; <a title=\"Legal notice\" class=\"read-more\" href=\"https:\/\/www.cellfinanzas.com\/en\/legal-notice\/\" aria-label=\"Read more about Legal notice\">Read more<\/a><\/p>\n","protected":false},"author":1,"featured_media":0,"parent":0,"menu_order":0,"comment_status":"closed","ping_status":"closed","template":"elementor_header_footer","meta":{"_acf_changed":false,"footnotes":""},"class_list":["post-2982","page","type-page","status-publish"],"acf":[],"yoast_head":"<!-- This site is optimized with the Yoast SEO plugin v27.5 - https:\/\/yoast.com\/product\/yoast-seo-wordpress\/ -->\n<title>Legal notice - Cell Finanzas<\/title>\n<meta name=\"robots\" content=\"noindex, follow\" \/>\n<meta property=\"og:locale\" content=\"en_US\" \/>\n<meta property=\"og:type\" content=\"article\" \/>\n<meta property=\"og:title\" content=\"Legal notice - Cell Finanzas\" \/>\n<meta property=\"og:description\" content=\"Est\u00e1s en un espacio comprometido con los derechos de sus usuarios y por esta raz\u00f3n, tendr\u00e1s m\u00e1xima transparencia y rigor sobre todo que necesitas saber sobre esta web. Esta web cumple rigurosamente con la Ley Org\u00e1nica 3\/2018, de 5 de diciembre, de Protecci\u00f3n de Datos Personales y garant\u00eda de los derechos digitales (LOPDGDD). Cumple tambi\u00e9n ... Read more\" \/>\n<meta property=\"og:url\" content=\"https:\/\/www.cellfinanzas.com\/en\/legal-notice\/\" \/>\n<meta property=\"og:site_name\" content=\"Cell Finanzas\" \/>\n<meta name=\"twitter:card\" content=\"summary_large_image\" \/>\n<meta name=\"twitter:label1\" content=\"Est. reading time\" \/>\n\t<meta name=\"twitter:data1\" content=\"5 minutes\" \/>\n<script type=\"application\/ld+json\" class=\"yoast-schema-graph\">{\"@context\":\"https:\\\/\\\/schema.org\",\"@graph\":[{\"@type\":\"WebPage\",\"@id\":\"https:\\\/\\\/www.cellfinanzas.com\\\/en\\\/legal-notice\\\/\",\"url\":\"https:\\\/\\\/www.cellfinanzas.com\\\/en\\\/legal-notice\\\/\",\"name\":\"Legal notice - Cell Finanzas\",\"isPartOf\":{\"@id\":\"https:\\\/\\\/www.cellfinanzas.com\\\/en\\\/#website\"},\"datePublished\":\"2022-12-05T15:12:50+00:00\",\"breadcrumb\":{\"@id\":\"https:\\\/\\\/www.cellfinanzas.com\\\/en\\\/legal-notice\\\/#breadcrumb\"},\"inLanguage\":\"en-US\",\"potentialAction\":[{\"@type\":\"ReadAction\",\"target\":[\"https:\\\/\\\/www.cellfinanzas.com\\\/en\\\/legal-notice\\\/\"]}]},{\"@type\":\"BreadcrumbList\",\"@id\":\"https:\\\/\\\/www.cellfinanzas.com\\\/en\\\/legal-notice\\\/#breadcrumb\",\"itemListElement\":[{\"@type\":\"ListItem\",\"position\":1,\"name\":\"Portada\",\"item\":\"https:\\\/\\\/www.cellfinanzas.com\\\/en\\\/\"},{\"@type\":\"ListItem\",\"position\":2,\"name\":\"Legal notice\"}]},{\"@type\":\"WebSite\",\"@id\":\"https:\\\/\\\/www.cellfinanzas.com\\\/en\\\/#website\",\"url\":\"https:\\\/\\\/www.cellfinanzas.com\\\/en\\\/\",\"name\":\"Cell Finanzas\",\"description\":\"Soluciones de financiaci\u00f3n a medida para pymes\",\"publisher\":{\"@id\":\"https:\\\/\\\/www.cellfinanzas.com\\\/en\\\/#organization\"},\"potentialAction\":[{\"@type\":\"SearchAction\",\"target\":{\"@type\":\"EntryPoint\",\"urlTemplate\":\"https:\\\/\\\/www.cellfinanzas.com\\\/en\\\/?s={search_term_string}\"},\"query-input\":{\"@type\":\"PropertyValueSpecification\",\"valueRequired\":true,\"valueName\":\"search_term_string\"}}],\"inLanguage\":\"en-US\"},{\"@type\":\"Organization\",\"@id\":\"https:\\\/\\\/www.cellfinanzas.com\\\/en\\\/#organization\",\"name\":\"Cell Finanzas\",\"url\":\"https:\\\/\\\/www.cellfinanzas.com\\\/en\\\/\",\"logo\":{\"@type\":\"ImageObject\",\"inLanguage\":\"en-US\",\"@id\":\"https:\\\/\\\/www.cellfinanzas.com\\\/en\\\/#\\\/schema\\\/logo\\\/image\\\/\",\"url\":\"https:\\\/\\\/www.cellfinanzas.com\\\/wp-content\\\/uploads\\\/Logo-cell-transparente.png\",\"contentUrl\":\"https:\\\/\\\/www.cellfinanzas.com\\\/wp-content\\\/uploads\\\/Logo-cell-transparente.png\",\"width\":675,\"height\":400,\"caption\":\"Cell Finanzas\"},\"image\":{\"@id\":\"https:\\\/\\\/www.cellfinanzas.com\\\/en\\\/#\\\/schema\\\/logo\\\/image\\\/\"}}]}<\/script>\n<!-- \/ Yoast SEO plugin. -->","yoast_head_json":{"title":"Legal notice - Cell Finanzas","robots":{"index":"noindex","follow":"follow"},"og_locale":"en_US","og_type":"article","og_title":"Legal notice - Cell Finanzas","og_description":"Est\u00e1s en un espacio comprometido con los derechos de sus usuarios y por esta raz\u00f3n, tendr\u00e1s m\u00e1xima transparencia y rigor sobre todo que necesitas saber sobre esta web. Esta web cumple rigurosamente con la Ley Org\u00e1nica 3\/2018, de 5 de diciembre, de Protecci\u00f3n de Datos Personales y garant\u00eda de los derechos digitales (LOPDGDD). Cumple tambi\u00e9n ... Read more","og_url":"https:\/\/www.cellfinanzas.com\/en\/legal-notice\/","og_site_name":"Cell Finanzas","twitter_card":"summary_large_image","twitter_misc":{"Est. reading time":"5 minutes"},"schema":{"@context":"https:\/\/schema.org","@graph":[{"@type":"WebPage","@id":"https:\/\/www.cellfinanzas.com\/en\/legal-notice\/","url":"https:\/\/www.cellfinanzas.com\/en\/legal-notice\/","name":"Legal notice - Cell Finanzas","isPartOf":{"@id":"https:\/\/www.cellfinanzas.com\/en\/#website"},"datePublished":"2022-12-05T15:12:50+00:00","breadcrumb":{"@id":"https:\/\/www.cellfinanzas.com\/en\/legal-notice\/#breadcrumb"},"inLanguage":"en-US","potentialAction":[{"@type":"ReadAction","target":["https:\/\/www.cellfinanzas.com\/en\/legal-notice\/"]}]},{"@type":"BreadcrumbList","@id":"https:\/\/www.cellfinanzas.com\/en\/legal-notice\/#breadcrumb","itemListElement":[{"@type":"ListItem","position":1,"name":"Portada","item":"https:\/\/www.cellfinanzas.com\/en\/"},{"@type":"ListItem","position":2,"name":"Legal notice"}]},{"@type":"WebSite","@id":"https:\/\/www.cellfinanzas.com\/en\/#website","url":"https:\/\/www.cellfinanzas.com\/en\/","name":"Cell Finanzas","description":"Soluciones de financiaci\u00f3n a medida para pymes","publisher":{"@id":"https:\/\/www.cellfinanzas.com\/en\/#organization"},"potentialAction":[{"@type":"SearchAction","target":{"@type":"EntryPoint","urlTemplate":"https:\/\/www.cellfinanzas.com\/en\/?s={search_term_string}"},"query-input":{"@type":"PropertyValueSpecification","valueRequired":true,"valueName":"search_term_string"}}],"inLanguage":"en-US"},{"@type":"Organization","@id":"https:\/\/www.cellfinanzas.com\/en\/#organization","name":"Cell Finanzas","url":"https:\/\/www.cellfinanzas.com\/en\/","logo":{"@type":"ImageObject","inLanguage":"en-US","@id":"https:\/\/www.cellfinanzas.com\/en\/#\/schema\/logo\/image\/","url":"https:\/\/www.cellfinanzas.com\/wp-content\/uploads\/Logo-cell-transparente.png","contentUrl":"https:\/\/www.cellfinanzas.com\/wp-content\/uploads\/Logo-cell-transparente.png","width":675,"height":400,"caption":"Cell Finanzas"},"image":{"@id":"https:\/\/www.cellfinanzas.com\/en\/#\/schema\/logo\/image\/"}}]}},"_links":{"self":[{"href":"https:\/\/www.cellfinanzas.com\/en\/wp-json\/wp\/v2\/pages\/2982","targetHints":{"allow":["GET"]}}],"collection":[{"href":"https:\/\/www.cellfinanzas.com\/en\/wp-json\/wp\/v2\/pages"}],"about":[{"href":"https:\/\/www.cellfinanzas.com\/en\/wp-json\/wp\/v2\/types\/page"}],"author":[{"embeddable":true,"href":"https:\/\/www.cellfinanzas.com\/en\/wp-json\/wp\/v2\/users\/1"}],"replies":[{"embeddable":true,"href":"https:\/\/www.cellfinanzas.com\/en\/wp-json\/wp\/v2\/comments?post=2982"}],"version-history":[{"count":1,"href":"https:\/\/www.cellfinanzas.com\/en\/wp-json\/wp\/v2\/pages\/2982\/revisions"}],"predecessor-version":[{"id":2983,"href":"https:\/\/www.cellfinanzas.com\/en\/wp-json\/wp\/v2\/pages\/2982\/revisions\/2983"}],"wp:attachment":[{"href":"https:\/\/www.cellfinanzas.com\/en\/wp-json\/wp\/v2\/media?parent=2982"}],"curies":[{"name":"wp","href":"https:\/\/api.w.org\/{rel}","templated":true}]}}